{"id":507,"date":"2021-10-28T09:11:51","date_gmt":"2021-10-28T07:11:51","guid":{"rendered":"https:\/\/newbubblebutt.com\/?post_type=product&#038;p=507"},"modified":"2026-02-28T12:18:22","modified_gmt":"2026-02-28T11:18:22","slug":"bubblebutt-masturbator-taschenmuschi-sexpuppe","status":"publish","type":"product","link":"https:\/\/newbubblebutt.com\/en\/product\/bubblebutt-masturbator-taschenmuschi-sexpuppe\/","title":{"rendered":"Masturbator BubbleButt\u00ae \u2013 Taschenmuschi \/ Sexpuppe"},"content":{"rendered":"","protected":false},"excerpt":{"rendered":"<h2>BubbleButt\u00ae ist der erste Masturbator f\u00fcr den Mann, der mit warmem Wasser bef\u00fcllbar ist.<\/h2>\n<p>Dadurch erm\u00f6glicht es ein Gef\u00fchl, wie der Sex mit einer echten, realen Frau.<\/p>\n<p>Handlich aus der Schublade genommen ist BubbleButt in wenigen Handgriffen zu einem lebensgrossen Po verwandelt. Je nach Wunsch kann BubbleButt mit Wasser oder mit Luft bef\u00fcllt werden und je nach Vorlieben die Gr\u00f6sse und Temperatur frei gew\u00e4hlt werden. Durch die Temperatur und den Druck des Wassers im Innern f\u00fchlt es sich unbeschreiblich und wahnsinnig lebendig an.<\/p>","protected":false},"featured_media":515,"comment_status":"open","ping_status":"closed","template":"","meta":{"_acf_changed":false},"product_brand":[],"product_cat":[19],"product_tag":[],"class_list":{"0":"post-507","1":"product","2":"type-product","3":"status-publish","4":"has-post-thumbnail","6":"product_cat-sexpuppen","7":"sales-flash-overlay","8":"woocommerce-text-align-center","9":"woocommerce-image-align-center","10":"do-quantity-buttons","12":"first","13":"instock","14":"sale","15":"featured","16":"shipping-taxable","17":"purchasable","18":"product-type-variable","19":"has-default-attributes"},"acf":[],"_links":{"self":[{"href":"https:\/\/newbubblebutt.com\/en\/wp-json\/wp\/v2\/product\/507","targetHints":{"allow":["GET"]}}],"collection":[{"href":"https:\/\/newbubblebutt.com\/en\/wp-json\/wp\/v2\/product"}],"about":[{"href":"https:\/\/newbubblebutt.com\/en\/wp-json\/wp\/v2\/types\/product"}],"replies":[{"embeddable":true,"href":"https:\/\/newbubblebutt.com\/en\/wp-json\/wp\/v2\/comments?post=507"}],"wp:featuredmedia":[{"embeddable":true,"href":"https:\/\/newbubblebutt.com\/en\/wp-json\/wp\/v2\/media\/515"}],"wp:attachment":[{"href":"https:\/\/newbubblebutt.com\/en\/wp-json\/wp\/v2\/media?parent=507"}],"wp:term":[{"taxonomy":"product_brand","embeddable":true,"href":"https:\/\/newbubblebutt.com\/en\/wp-json\/wp\/v2\/product_brand?post=507"},{"taxonomy":"product_cat","embeddable":true,"href":"https:\/\/newbubblebutt.com\/en\/wp-json\/wp\/v2\/product_cat?post=507"},{"taxonomy":"product_tag","embeddable":true,"href":"https:\/\/newbubblebutt.com\/en\/wp-json\/wp\/v2\/product_tag?post=507"}],"curies":[{"name":"wp","href":"https:\/\/api.w.org\/{rel}","templated":true}]}}