{"id":576,"date":"2021-10-28T14:55:48","date_gmt":"2021-10-28T12:55:48","guid":{"rendered":"https:\/\/newbubblebutt.com\/?page_id=576"},"modified":"2024-03-27T08:34:54","modified_gmt":"2024-03-27T07:34:54","slug":"agb","status":"publish","type":"page","link":"https:\/\/newbubblebutt.com\/en\/agb\/","title":{"rendered":"AGB"},"content":{"rendered":"<div class=\"wpb-content-wrapper\"><div class=\"vc_row wpb_row vc_row-fluid\"><div class=\"wpb_column vc_column_container vc_col-sm-12\"><div class=\"vc_column-inner \"><div class=\"wpb_wrapper\"><div class=\"vc_empty_space\"   style=\"height: 40px\"><span class=\"vc_empty_space_inner\"><\/span><\/div><\/div><\/div><\/div><\/div><div class=\"vc_row wpb_row vc_row-fluid\"><div class=\"wpb_column vc_column_container vc_col-sm-12\"><div class=\"vc_column-inner \"><div class=\"wpb_wrapper\">\n\t<div class=\"wpb_text_column wpb_content_element \" >\n\t\t<div class=\"wpb_wrapper\">\n\t\t\t<h1 class=\"fusion-responsive-typography-calculated\" data-fontsize=\"38\" data-lineheight=\"38px\">AGB<\/h1>\n<h2 class=\"fusion-responsive-typography-calculated\" data-fontsize=\"24\" data-lineheight=\"36px\">Allgemeine Gesch\u00e4ftsbedingungen<\/h2>\n\n\t\t<\/div>\n\t<\/div>\n<\/div><\/div><\/div><\/div><div class=\"vc_row wpb_row vc_row-fluid\"><div class=\"wpb_column vc_column_container vc_col-sm-12\"><div class=\"vc_column-inner \"><div class=\"wpb_wrapper\"><div class=\"vc_empty_space\"   style=\"height: 40px\"><span class=\"vc_empty_space_inner\"><\/span><\/div><\/div><\/div><\/div><\/div><div class=\"vc_row wpb_row vc_row-fluid\"><div class=\"wpb_column vc_column_container vc_col-sm-12\"><div class=\"vc_column-inner \"><div class=\"wpb_wrapper\">\n\t<div class=\"wpb_text_column wpb_content_element \" >\n\t\t<div class=\"wpb_wrapper\">\n\t\t\t<div class=\"fusion-fullwidth fullwidth-box fusion-builder-row-1 nonhundred-percent-fullwidth non-hundred-percent-height-scrolling\">\n<div class=\"fusion-builder-row fusion-row\">\n<div class=\"fusion-layout-column fusion_builder_column fusion-builder-column-0 fusion_builder_column_1_1 1_1 fusion-one-full fusion-column-first fusion-column-last\">\n<div class=\"fusion-column-wrapper fusion-flex-column-wrapper-legacy\">\n<div class=\"fusion-text fusion-text-1\">\n<p><strong>1. Geltungsbereich<\/strong><br \/>\nDiese allgemeinen Gesch\u00e4ftsbedingungen (AGB) gelten f\u00fcr alle Bestellungen, die Kunden (nachfolgend \u201eKunde\u201c genannt) \u00fcber den Online-Shop www.newbubblebutt.com (Impressum) (nachfolgend \u201c newbubblebutt \u201c genannt) abgeben.<\/p>\n<p><strong>2. Angebot &amp; Vertragsschluss<\/strong><br \/>\nDie Darstellung der Produkte im Online-Shop stellt kein rechtlich bindendes Angebot, sondern eine Aufforderung zur Bestellung dar. Durch Anklicken des Buttons [Bestellen] gibt der Kunde eine verbindliche Bestellung der auf der Bestellseite aufgelisteten Produkte ab. Nach Erhalt der Bestellung, best\u00e4tigt newbubblebutt den Zugang der Bestellung per E-Mail. Der Kaufvertrag kommt erst zustande, wenn newbubblebutt den Versand der Ware per E-Mail best\u00e4tigt (Auftrags-bzw. Versandbest\u00e4tigung) oder sp\u00e4testens durch Auslieferung der Ware.<br \/>\nNach get\u00e4tigter Bestellung verpflichtet sich der Kunde die Waren anzunehmen. Bei Annahmeverweigerung oder nachtr\u00e4glicher Stornierung der Bestellung erheben wir eine Bearbeitungsgeb\u00fchr 25% des Bestellwertes mind. \u20ac20.00. Zus\u00e4tzlich werden die Porto-\/ Versandkosten von \u20ac13.99 dem Kunden in Rechnung gestellt.<\/p>\n<p><strong>3. Produkte &amp; Preise<\/strong><br \/>\nDie auf der Produktseite genannten Preise enthalten die gesetzliche Mehrwertsteuer und sind in Euro (\u20ac). Preis\u00e4nderungen und Irrt\u00fcmer bei Produktbeschreibungen und Preisangabe sind vorbehalten. Die auf der Produkteseite ersichtlichen Informationen beruhen auf den Angaben der Hersteller, Lieferanten oder Produzenten und sind in diesem Rahmen verbindlich.<\/p>\n<p><strong>4. Lieferung<\/strong><br \/>\nLieferungen erfolgen Weltweit. Die Lieferfristen unserer Produkte sind jeweils direkt im Onlineshop ersichtlich.<br \/>\nIn der Regel betr\u00e4gt die Lieferfrist zwischen 3-6 Werktagen (EU). Sollten nicht alle bestellten Produkte vorr\u00e4tig sein, ist newbubblebutt zu Teillieferungen berechtigt. Nachlieferungen erfolgen kostenlos. Der Kunde wird mittels Email \u00fcber den Status der Lieferung informiert.<br \/>\nUnsere Lieferfristen sind unverbindlich. Allf\u00e4llige Schadenanspr\u00fcche aufgrund einer \u00dcberschreitung der angegebenen Lieferfrist k\u00f6nnen nicht geltend gemacht werden. Sollte ein Produkt zum Zeitpunkt einer Kundenbestellung beim Hersteller oder Produzenten nicht mehr verf\u00fcgbar sein bzw. hergestellt werden, so ist newbubblebutt berechtigt vom Kauf zur\u00fcckzutreten.<br \/>\nLieferungen erfolgen schweizweit durch die schweizerische Post und im EU-Raum (inkl. Vereinigtes K\u00f6nigreich) durch DHL.<\/p>\n<p><strong>CH\/DE<br \/>\n<\/strong>Versandkosten \u20ac5.99<br \/>\nBestellungen ab einem Bestellwert von \u20ac 89.00 werden portofrei und ohne Versandkosten versendet.<\/p>\n<p><strong>Restliche EU-L\u00e4nder (inkl. Vereinigtes K\u00f6nigreich)<br \/>\n<\/strong>Versandkosten \u20ac13.99<\/p>\n<p>Der Kunde ist verpflichtet die Ware nach Erhalt sorgf\u00e4ltig zu \u00fcberpr\u00fcfen. Transportsch\u00e4den und M\u00e4ngel sind innert 48 Stunden nach Erhalt dem Kundenservice (<a href=\"mailto:info@newbubblebutt.com\">info@newbubblebutt.com<\/a>) schriftlich mitzuteilen.<\/p>\n<p><strong>5. Zahlungsbedingungen<\/strong><br \/>\nDie Zahlung erfolgt wahlweise per Vorauskasse, Kreditkarte oder Paypal.<\/p>\n<p><em>Vorauskasse (\u00dcberweisung)<\/em><br \/>\nVorauszahlungen werden akzeptiert mittels \u00dcberweisung auf unser Bankkonto bei der PostFinance IBAN: CH91 0900 0000 4118 0764 3<\/p>\n<p><em>Kreditkarte<\/em><br \/>\nnewbubblebutt akzeptiert Kreditkarten-Zahlungen von VISA &amp; Mastercard.<br \/>\nDie Kreditkarten-Daten werden von newbubblebutt nicht gespeichert und sind mittels SSL verschl\u00fcsselt.<\/p>\n<p><em>Paypal<\/em><br \/>\nZahlungen mittels Paypal werden dem Kunde sofort belastet.<\/p>\n<p><strong>6. Umtausch \/ R\u00fcckgaberecht<\/strong><br \/>\nDer Kunde hat das Recht die Ware innert 14 Tagen nach Erhalt umzutauschen oder zur\u00fcckzugeben.<br \/>\nVoraussetzung f\u00fcr einen Umtausch \/ R\u00fcckgabe ist, dass die Produkte unbenutzt, vollst\u00e4ndig, und in einwandfreier Originalverpackung sind.<br \/>\nAufgrund der Beschaffenheit dieses Produkts akzeptieren wir nach dem \u00d6ffnen der versiegelten Verpackung keine R\u00fccksendungen mehr.<br \/>\nR\u00fccksendungen m\u00fcssen vor der R\u00fcckgabe zwingend schriftlich (E-Mail oder Brief) avisiert werden und werden nur akzeptiert, wenn dies vorher mit dem Kundenservice von newbubblebutt (<a href=\"mailto:info@newbubblebutt.com\">info@newbubblebutt.com<\/a>) vereinbart wurde. R\u00fccksendungen werden nur mit der Best\u00e4tigung von newbubblebutt angenommen. Die Kosten f\u00fcr die R\u00fccksendung hat der Kunde zu tragen.<\/p>\n<p>Nach erfolgter R\u00fccksendung erstattet newbubblebutt je nach Wunsch des Kunden den gesamten Kaufpreis in voller H\u00f6he abz\u00fcglich Versandkosten zur\u00fcck oder schreibt ihm den Betrag in Form einer Gutschrift auf sein Kundenkonto gut.<\/p>\n<p><strong>7. Eigentumsvorbehalt<\/strong><br \/>\nDie Ware bleibt bis zur vollst\u00e4ndigen Zahlung im Eigentum von newbubblebutt.<\/p>\n<p><strong>8. Urheberrechte<\/strong><br \/>\nBilder, Texte, Produktenamen, Design, Grafiken, Logos und sonstige Inhalte auf www.newbubblebutt.com sind urheberrechtlich gesch\u00fctzt und d\u00fcrfen ohne Zustimmung von newbubblebutt oder dem rechtm\u00e4ssigen Urheber in keinster Weise genutzt werden.<\/p>\n<p><strong>9. Haftung<\/strong><br \/>\nnewbubblebutt haftet nicht f\u00fcr Schadenersatzanspr\u00fcchen oder Sch\u00e4den, welche durch die Benutzung der von newbubblebutt gelieferten Ware verursacht worden sind. newbubblebutt haftet nicht f\u00fcr bei Schadenersatzanspr\u00fcchen welche durch Irrt\u00fcmer oder Fehler in den Produktebeschreibungen &amp; Produktepreisen entstanden sind. newbubblebutt kann nicht haftbar gemacht werden f\u00fcr die Inhalte von verlinkten Websites &amp; Partnern.<\/p>\n<p><strong>10. Gerichtsstand<\/strong><br \/>\nDas Rechtsverh\u00e4ltnis untersteht dem Schweizerischen Recht.<br \/>\nErf\u00fcllungsort f\u00fcr alle vertraglichen und gesetzlichen Anspr\u00fcche ist der Firmensitz von newbubblebutt.<\/p>\n<p><strong>11. Schlussbestimmungen<\/strong><br \/>\nSollte einzelne Bestimmungen dieser Allgemeinen Gesch\u00e4ftsbedingungen (AGB) ganz oder teilweise unwirksam sein oder die Vereinbarungen eine L\u00fccke enthalten, so wird dadurch die G\u00fcltigkeit der \u00fcbrigen Bestimmungen nicht ber\u00fchrt.<br \/>\nnewbubblebutt beh\u00e4lt sich das Recht vor AGBs jederzeit und ohne Ank\u00fcndigung zu \u00e4ndern.<\/p>\n<p>Stand November 2023<\/p>\n<\/div>\n<\/div>\n<\/div>\n<\/div>\n<\/div>\n\n\t\t<\/div>\n\t<\/div>\n<\/div><\/div><\/div><\/div><div class=\"vc_row wpb_row vc_row-fluid\"><div class=\"wpb_column vc_column_container vc_col-sm-12\"><div class=\"vc_column-inner \"><div class=\"wpb_wrapper\"><div class=\"vc_empty_space\"   style=\"height: 40px\"><span class=\"vc_empty_space_inner\"><\/span><\/div><\/div><\/div><\/div><\/div>\n<\/div>","protected":false},"excerpt":{"rendered":"AGB Allgemeine Gesch\u00e4ftsbedingungen 1. Geltungsbereich Diese allgemeinen Gesch\u00e4ftsbedingungen (AGB) gelten f\u00fcr alle Bestellungen, die Kunden (nachfolgend \u201eKunde\u201c genannt) \u00fcber den Online-Shop www.newbubblebutt.com (Impressum) (nachfolgend \u201c newbubblebutt \u201c genannt) abgeben. 2. Angebot &amp; Vertragsschluss Die Darstellung der Produkte im Online-Shop stellt kein rechtlich bindendes Angebot, sondern eine Aufforderung zur Bestellung dar. Durch Anklicken des Buttons [Bestellen] ... <a title=\"AGB\" class=\"read-more\" href=\"https:\/\/newbubblebutt.com\/en\/agb\/\" aria-label=\"Read more about AGB\">Read more<\/a>","protected":false},"author":1024,"featured_media":0,"parent":0,"menu_order":999,"comment_status":"closed","ping_status":"closed","template":"","meta":{"_acf_changed":false,"footnotes":""},"class_list":["post-576","page","type-page","status-publish"],"acf":[],"_links":{"self":[{"href":"https:\/\/newbubblebutt.com\/en\/wp-json\/wp\/v2\/pages\/576","targetHints":{"allow":["GET"]}}],"collection":[{"href":"https:\/\/newbubblebutt.com\/en\/wp-json\/wp\/v2\/pages"}],"about":[{"href":"https:\/\/newbubblebutt.com\/en\/wp-json\/wp\/v2\/types\/page"}],"author":[{"embeddable":true,"href":"https:\/\/newbubblebutt.com\/en\/wp-json\/wp\/v2\/users\/1024"}],"replies":[{"embeddable":true,"href":"https:\/\/newbubblebutt.com\/en\/wp-json\/wp\/v2\/comments?post=576"}],"version-history":[{"count":1,"href":"https:\/\/newbubblebutt.com\/en\/wp-json\/wp\/v2\/pages\/576\/revisions"}],"predecessor-version":[{"id":1095,"href":"https:\/\/newbubblebutt.com\/en\/wp-json\/wp\/v2\/pages\/576\/revisions\/1095"}],"wp:attachment":[{"href":"https:\/\/newbubblebutt.com\/en\/wp-json\/wp\/v2\/media?parent=576"}],"curies":[{"name":"wp","href":"https:\/\/api.w.org\/{rel}","templated":true}]}}