{"id":557,"date":"2021-10-28T14:45:41","date_gmt":"2021-10-28T12:45:41","guid":{"rendered":"https:\/\/newbubblebutt.com\/?page_id=557"},"modified":"2021-11-22T08:41:56","modified_gmt":"2021-11-22T07:41:56","slug":"datenschutz","status":"publish","type":"page","link":"https:\/\/newbubblebutt.com\/en\/datenschutz\/","title":{"rendered":"Datenschutz"},"content":{"rendered":"<div class=\"wpb-content-wrapper\"><div class=\"vc_row wpb_row vc_row-fluid\"><div class=\"wpb_column vc_column_container vc_col-sm-12\"><div class=\"vc_column-inner\"><div class=\"wpb_wrapper\"><div class=\"vc_empty_space\"   style=\"height: 40px\"><span class=\"vc_empty_space_inner\"><\/span><\/div><\/div><\/div><\/div><\/div><div class=\"vc_row wpb_row vc_row-fluid\"><div class=\"wpb_column vc_column_container vc_col-sm-12\"><div class=\"vc_column-inner\"><div class=\"wpb_wrapper\">\n\t<div class=\"wpb_text_column wpb_content_element\" >\n\t\t<div class=\"wpb_wrapper\">\n\t\t\t<h1 class=\"fusion-responsive-typography-calculated\" data-fontsize=\"38\" data-lineheight=\"38px\">Datenschutz<\/h1>\n<h2 class=\"fusion-responsive-typography-calculated\" data-fontsize=\"24\" data-lineheight=\"36px\">Haftungausschluss \/ Disclaimer<\/h2>\n\n\t\t<\/div>\n\t<\/div>\n<\/div><\/div><\/div><\/div><div class=\"vc_row wpb_row vc_row-fluid\"><div class=\"wpb_column vc_column_container vc_col-sm-12\"><div class=\"vc_column-inner\"><div class=\"wpb_wrapper\"><div class=\"vc_empty_space\"   style=\"height: 40px\"><span class=\"vc_empty_space_inner\"><\/span><\/div><\/div><\/div><\/div><\/div><div class=\"vc_row wpb_row vc_row-fluid\"><div class=\"wpb_column vc_column_container vc_col-sm-12\"><div class=\"vc_column-inner\"><div class=\"wpb_wrapper\">\n\t<div class=\"wpb_text_column wpb_content_element\" >\n\t\t<div class=\"wpb_wrapper\">\n\t\t\t<p>Wir freuen uns \u00fcber Dein Interesse an unserer Website. Der Schutz Deiner Privatsph\u00e4re ist f\u00fcr uns sehr wichtig. Nachstehend informieren wir Dich ausf\u00fchrlich \u00fcber den Umgang mit Deinen Daten.<\/p>\n<p><strong>Umgang mit personenbezogenen Daten<\/strong><\/p>\n<p>Der Websitebetreiber bzw. Seitenprovider erhebt Daten \u00fcber Zugriffe auf die Seite und speichert diese als \u201eServer-Logfiles\u201c ab. Folgende Daten werden so protokolliert:<\/p>\n<ul>\n<li>Besuchte Website<\/li>\n<li>Uhrzeit zum Zeitpunkt des Zugriffes<\/li>\n<li>Quelle\/Verweis, von welchem Sie auf die Seite gelangten<\/li>\n<li>Verwendeter Browser<\/li>\n<li>Verwendetes Betriebssystem<\/li>\n<li>Verwendete IP-Adresse<\/li>\n<\/ul>\n<p>Diese Daten werden ausschliesslich zur Verbesserung unseres Angebots ausgewertet und erlauben keinen R\u00fcckschluss auf Deine Person.<\/p>\n<p>Wir erheben, speichern und verarbeiten Deine Daten f\u00fcr die Bestellabwicklung Deines Kaufs und eventuelle sp\u00e4tere Gew\u00e4hrleistungsabwicklung sowie f\u00fcr Werbezwecke. Personenbezogene Daten werden erhoben, wenn Du uns diese im Rahmen Deiner Warenbestellung oder bei Er\u00f6ffnung eines Kundenkontos oder bei der Registrierung zum Newsletter freiwillig mitteilst.<\/p>\n<p>Eine Weitergabe Deiner personenbezogenen Daten erfolgt an von uns im Rahmen der Ausf\u00fchrung des Auftrags eingesetzte Dienstleister (Transporteur, Logistiker, Banken).<\/p>\n<p><strong>Verwendung von Cookies<\/strong><\/p>\n<p>Diese Website verwendet Cookies. Dabei handelt es sich um kleine Textdateien, welche auf Deinem Endger\u00e4t gespeichert werden. Dein Browser greift auf diese Dateien zu. Durch den Einsatz von Cookies erh\u00f6ht sich die Benutzerfreundlichkeit und Sicherheit dieser Website.<\/p>\n<p>G\u00e4ngige Browser bieten die Einstellungsoption, Cookies nicht zuzulassen. Hinweis: Es ist nicht gew\u00e4hrleistet, dass Du auf alle Funktionen dieser Website ohne Einschr\u00e4nkungen zugreifen kannst, wenn Du entsprechende Einstellungen vornimmst.<\/p>\n<p><strong>Google Analytics<\/strong><\/p>\n<p>Diese Website nutzt den Dienst \u201eGoogle Analytics\u201c, welcher von der Google Inc. (1600 Amphitheatre Parkway Mountain View, CA 94043, USA) angeboten wird, zur Analyse der Websitebenutzung durch Nutzer. Der Dienst verwendet \u201eCookies\u201c \u2013 Textdateien, welche auf Ihrem Endger\u00e4t gespeichert werden. Die durch die Cookies gesammelten Informationen werden im Regelfall an einen Google-Server in den USA gesandt und dort gespeichert.<\/p>\n<p>Auf dieser Website greift die IP-Anonymisierung. Die IP-Adresse der Nutzer wird innerhalb der Mitgliedsstaaten der EU und des Europ\u00e4ischen Wirtschaftsraum gek\u00fcrzt. Durch diese K\u00fcrzung entf\u00e4llt der Personenbezug Ihrer IP-Adresse. Im Rahmen der Vereinbarung zur Auftragsdatenvereinbarung, welche die Websitebetreiber mit der Google Inc. geschlossen haben, erstellt diese mithilfe der gesammelten Informationen eine Auswertung der Websitenutzung und der Websiteaktivit\u00e4t und erbringt mit der Internetnutzung verbundene Dienstleistungen.<\/p>\n<p>Sie haben die M\u00f6glichkeit, die Speicherung des Cookies auf Ihrem Ger\u00e4t zu verhindern, indem Sie in Ihrem Browser entsprechende Einstellungen vornehmen. Es ist nicht gew\u00e4hrleistet, dass Sie auf alle Funktionen dieser Website ohne Einschr\u00e4nkungen zugreifen k\u00f6nnen, wenn Ihr Browser keine Cookies zul\u00e4sst.<\/p>\n<p>Weiterhin k\u00f6nnen Sie durch ein Browser-Plugin verhindern, dass die durch Cookies gesammelten Informationen (inklusive Ihrer IP-Adresse) an die Google Inc. gesendet und von der Google Inc. genutzt werden. Folgender Link f\u00fchrt Sie zu dem entsprechenden Plugin:\u00a0<a href=\"https:\/\/tools.google.com\/dlpage\/gaoptout?hl=de\">https:\/\/tools.google.com\/dlpage\/gaoptout?hl=de<\/a><br \/>\nAlternativ verhindern Sie mit einem Klick auf diesen Link, dass Google Analytics innerhalb dieser Website Daten \u00fcber Sie erfasst. Mit dem Klick auf obigen Link laden Sie ein \u201eOpt-Out-Cookie\u201c herunter. Ihr Browser muss die Speicherung von Cookies also hierzu grunds\u00e4tzlich erlauben. L\u00f6schen Sie Ihre Cookies regelm\u00e4\u00dfig, ist ein erneuter Klick auf den Link bei jedem Besuch dieser Website vonn\u00f6ten.<\/p>\n<p>Hier finden Sie weitere Informationen zur Datennutzung durch die Google Inc.:\u00a0<a href=\"https:\/\/support.google.com\/analytics\/answer\/6004245?hl=de\">https:\/\/support.google.com\/analytics\/answer\/6004245?hl=de<\/a><\/p>\n<p><strong>Nutzung von Social-Media-Plugins<\/strong><\/p>\n<p>Diese Website verwendet keine Social-Media-Plugins!<\/p>\n<p><strong>Auskunftsrecht<\/strong><\/p>\n<p>Nach dem Datenschutzgesetz hast Du ein Recht auf unentgeltliche Ausk\u00fcnfte \u00fcber Deine gespeicherten Daten sowie ggf. ein Recht auf Berichtigung, Sperrung oder L\u00f6schung dieser Daten.<\/p>\n<p>www.newbubblebutt.com<\/p>\n<p>Stand November 2021<\/p>\n\n\t\t<\/div>\n\t<\/div>\n<\/div><\/div><\/div><\/div><div class=\"vc_row wpb_row vc_row-fluid\"><div class=\"wpb_column vc_column_container vc_col-sm-12\"><div class=\"vc_column-inner\"><div class=\"wpb_wrapper\"><div class=\"vc_empty_space\"   style=\"height: 40px\"><span class=\"vc_empty_space_inner\"><\/span><\/div><\/div><\/div><\/div><\/div>\n<\/div>","protected":false},"excerpt":{"rendered":"Datenschutz Haftungausschluss \/ Disclaimer Wir freuen uns \u00fcber Dein Interesse an unserer Website. Der Schutz Deiner Privatsph\u00e4re ist f\u00fcr uns sehr wichtig. Nachstehend informieren wir Dich ausf\u00fchrlich \u00fcber den Umgang mit Deinen Daten. Umgang mit personenbezogenen Daten Der Websitebetreiber bzw. Seitenprovider erhebt Daten \u00fcber Zugriffe auf die Seite und speichert diese als \u201eServer-Logfiles\u201c ab. Folgende ... <a title=\"Datenschutz\" class=\"read-more\" href=\"https:\/\/newbubblebutt.com\/en\/datenschutz\/\" aria-label=\"Read more about Datenschutz\">Read more<\/a>","protected":false},"author":1024,"featured_media":0,"parent":0,"menu_order":777,"comment_status":"closed","ping_status":"closed","template":"","meta":{"_acf_changed":false,"footnotes":""},"class_list":["post-557","page","type-page","status-publish"],"acf":[],"_links":{"self":[{"href":"https:\/\/newbubblebutt.com\/en\/wp-json\/wp\/v2\/pages\/557","targetHints":{"allow":["GET"]}}],"collection":[{"href":"https:\/\/newbubblebutt.com\/en\/wp-json\/wp\/v2\/pages"}],"about":[{"href":"https:\/\/newbubblebutt.com\/en\/wp-json\/wp\/v2\/types\/page"}],"author":[{"embeddable":true,"href":"https:\/\/newbubblebutt.com\/en\/wp-json\/wp\/v2\/users\/1024"}],"replies":[{"embeddable":true,"href":"https:\/\/newbubblebutt.com\/en\/wp-json\/wp\/v2\/comments?post=557"}],"version-history":[{"count":0,"href":"https:\/\/newbubblebutt.com\/en\/wp-json\/wp\/v2\/pages\/557\/revisions"}],"wp:attachment":[{"href":"https:\/\/newbubblebutt.com\/en\/wp-json\/wp\/v2\/media?parent=557"}],"curies":[{"name":"wp","href":"https:\/\/api.w.org\/{rel}","templated":true}]}}